{"id":17,"date":"2017-02-03T08:25:54","date_gmt":"2017-02-03T08:25:54","guid":{"rendered":"http:\/\/themes.muffingroup.com\/betheme\/?page_id=15"},"modified":"2023-05-26T18:12:39","modified_gmt":"2023-05-26T21:12:39","slug":"contact","status":"publish","type":"page","link":"https:\/\/graomestreleandrodacosta.com.br\/?page_id=17","title":{"rendered":"CONTATO"},"content":{"rendered":"<div class='flex_column av-3uff9-97457be25cb64bc38476d3b75a9d1b54 av_one_full  avia-builder-el-0  el_before_av_hr  avia-builder-el-first  first flex_column_div '     ><style type=\"text\/css\" data-created_by=\"avia_inline_auto\" id=\"style-css-av-le4i2ldc-378777b6f708d49fbd1db6a5777b20dc\">\n#top .av-special-heading.av-le4i2ldc-378777b6f708d49fbd1db6a5777b20dc{\npadding-bottom:10px;\n}\nbody .av-special-heading.av-le4i2ldc-378777b6f708d49fbd1db6a5777b20dc .av-special-heading-tag .heading-char{\nfont-size:25px;\n}\n.av-special-heading.av-le4i2ldc-378777b6f708d49fbd1db6a5777b20dc .av-subheading{\nfont-size:15px;\n}\n<\/style>\n<div  class='av-special-heading av-le4i2ldc-378777b6f708d49fbd1db6a5777b20dc av-special-heading-h3 blockquote modern-quote modern-centered  avia-builder-el-1  avia-builder-el-no-sibling '><h3 class='av-special-heading-tag'  itemprop=\"headline\"  >Escolha a melhor forma para entrar em contato conosco.<\/h3><div class=\"special-heading-border\"><div class=\"special-heading-inner-border\"><\/div><\/div><\/div><\/div>\n<div  class='hr av-3d9d9-a6b2b6f864ddfafbf0205d57967bac5f hr-default  avia-builder-el-2  el_after_av_one_full  el_before_av_one_half '><span class='hr-inner '><span class=\"hr-inner-style\"><\/span><\/span><\/div>\n<div class='flex_column av-2oo9d-78c877e599c7a9d0b0fe3f5ee8b4f3ad av_one_half  avia-builder-el-3  el_after_av_hr  el_before_av_one_half  first flex_column_div '     ><style type=\"text\/css\" data-created_by=\"avia_inline_auto\" id=\"style-css-av-le4ia722-9925208699c35b1af5739fc43bf79910\">\n#top .av_textblock_section.av-le4ia722-9925208699c35b1af5739fc43bf79910 .avia_textblock{\nfont-size:15px;\n}\n<\/style>\n<section  class='av_textblock_section av-le4ia722-9925208699c35b1af5739fc43bf79910'  itemscope=\"itemscope\" itemtype=\"https:\/\/schema.org\/CreativeWork\" ><div class='avia_textblock'  itemprop=\"text\" ><p>Voc\u00ea pode entrar em contato conosco por telefone ou enviando uma mensagem para n\u00f3s. Fique a vontade para escolher o meio mais conveniente para voc\u00ea.<\/p>\n<\/div><\/section><\/div>\n<div class='flex_column av-247j5-09064c01be53d8657ab68b903bc5988e av_one_half  avia-builder-el-5  el_after_av_one_half  el_before_av_one_half  flex_column_div '     ><style type=\"text\/css\" data-created_by=\"avia_inline_auto\" id=\"style-css-av-le4id2f6-b8dd0a0bb4e1701a53d0fedc30f0fcae\">\n#top .av_textblock_section.av-le4id2f6-b8dd0a0bb4e1701a53d0fedc30f0fcae .avia_textblock{\nfont-size:15px;\n}\n<\/style>\n<section  class='av_textblock_section av-le4id2f6-b8dd0a0bb4e1701a53d0fedc30f0fcae'  itemscope=\"itemscope\" itemtype=\"https:\/\/schema.org\/CreativeWork\" ><div class='avia_textblock'  itemprop=\"text\" ><p><span class=\"w8qArf\">Endere\u00e7o<span class=\"eTVOZd\">:<\/span>\u00a0<\/span><span class=\"LrzXr\">R. Gen. Os\u00f3rio, 904<\/span><\/p>\n<p><span class=\"LrzXr\">Centro, Pelotas &#8211; RS, 96020-000<\/span><\/p>\n<p>Fone: (53) 99988-0938<\/p>\n<p><strong>E-mail: kickboxingjapones@gmail.com<\/strong><\/p>\n<\/div><\/section><\/div><div class='flex_column av-1rqzx-005ede975731eaf13cdda65906b0ce4a av_one_half  avia-builder-el-7  el_after_av_one_half  el_before_av_one_half  first flex_column_div column-top-margin'     ><form action=\"https:\/\/graomestreleandrodacosta.com.br\/?page_id=17\" method=\"post\"  class=\"avia_ajax_form av-form-labels-hidden   avia-builder-el-8  avia-builder-el-no-sibling   \" data-avia-form-id=\"1\" data-avia-redirect='' ><h3 class=''>Nos envie um email<\/h3><fieldset><p class='  first_form  form_element form_fullwidth' id='element_avia_1_1'><label for=\"avia_1_1\">Nome <abbr class=\"required\" title=\"required\">*<\/abbr><\/label> <input name=\"avia_1_1\" class=\"text_input is_empty\" type=\"text\" id=\"avia_1_1\" value=\"\"  placeholder='Nome*'\/><\/p><p class='  first_form  form_element form_fullwidth' id='element_avia_2_1'><label for=\"avia_2_1\">E-Mail <abbr class=\"required\" title=\"required\">*<\/abbr><\/label> <input name=\"avia_2_1\" class=\"text_input is_email\" type=\"text\" id=\"avia_2_1\" value=\"\"  placeholder='E-Mail*'\/><\/p><p class='  first_form  form_element form_fullwidth' id='element_avia_3_1'><label for=\"avia_3_1\">Assunto <abbr class=\"required\" title=\"required\">*<\/abbr><\/label> <input name=\"avia_3_1\" class=\"text_input is_empty\" type=\"text\" id=\"avia_3_1\" value=\"\"  placeholder='Assunto*'\/><\/p><p class='  first_form  form_element form_fullwidth av-last-visible-form-element' id='element_avia_4_1'><label for=\"avia_4_1\" class=\"textare_label hidden textare_label_avia_4_1\">Mensagem <abbr class=\"required\" title=\"required\">*<\/abbr><\/label><textarea  placeholder='Mensagem*' name=\"avia_4_1\" class=\"text_area is_empty\" cols=\"40\" rows=\"7\" id=\"avia_4_1\" ><\/textarea><\/p><p class=\"hidden\"><input type=\"text\" name=\"avia_5_1\" class=\"hidden \" id=\"avia_5_1\" value=\"\" \/><\/p><p class=\"form_element \"><input type=\"hidden\" value=\"1\" name=\"avia_generated_form1\" \/><input type=\"submit\" value=\"Enviar\" class=\"button\"  data-sending-label=\"Sending\"\/><\/p><\/fieldset><\/form><div id=\"ajaxresponse_1\" class=\"ajaxresponse ajaxresponse_1 hidden\"><\/div><\/div><\/p>\n<div class='flex_column av-vqzp-dd530a9699bef8e29505dad6a53e36dd av_one_half  avia-builder-el-9  el_after_av_one_half  avia-builder-el-last  flex_column_div column-top-margin'     ><section  class='av_textblock_section av-le4ihedx-88fac8f30784a93e428e60872367a997'  itemscope=\"itemscope\" itemtype=\"https:\/\/schema.org\/CreativeWork\" ><div class='avia_textblock'  itemprop=\"text\" ><p><iframe src=\"https:\/\/www.google.com\/maps\/embed?pb=!1m18!1m12!1m3!1d3392.2513724577034!2d-52.34369138432125!3d-31.763629220313064!2m3!1f0!2f0!3f0!3m2!1i1024!2i768!4f13.1!3m3!1m2!1s0x9511b598f3121e77%3A0x9b40a3b1c16928ca!2sACADEMIA%20GARRA%20DE%20TIGRE!5e0!3m2!1spt-BR!2sbr!4v1676395432621!5m2!1spt-BR!2sbr\" width=\"600\" height=\"450\" style=\"border:0;\" allowfullscreen=\"\" loading=\"lazy\" referrerpolicy=\"no-referrer-when-downgrade\"><\/iframe><\/p>\n<\/div><\/section><\/div>\n","protected":false},"excerpt":{"rendered":"","protected":false},"author":1,"featured_media":0,"parent":0,"menu_order":0,"comment_status":"closed","ping_status":"closed","template":"","meta":[],"_links":{"self":[{"href":"https:\/\/graomestreleandrodacosta.com.br\/index.php?rest_route=\/wp\/v2\/pages\/17"}],"collection":[{"href":"https:\/\/graomestreleandrodacosta.com.br\/index.php?rest_route=\/wp\/v2\/pages"}],"about":[{"href":"https:\/\/graomestreleandrodacosta.com.br\/index.php?rest_route=\/wp\/v2\/types\/page"}],"author":[{"embeddable":true,"href":"https:\/\/graomestreleandrodacosta.com.br\/index.php?rest_route=\/wp\/v2\/users\/1"}],"replies":[{"embeddable":true,"href":"https:\/\/graomestreleandrodacosta.com.br\/index.php?rest_route=%2Fwp%2Fv2%2Fcomments&post=17"}],"version-history":[{"count":2,"href":"https:\/\/graomestreleandrodacosta.com.br\/index.php?rest_route=\/wp\/v2\/pages\/17\/revisions"}],"predecessor-version":[{"id":855,"href":"https:\/\/graomestreleandrodacosta.com.br\/index.php?rest_route=\/wp\/v2\/pages\/17\/revisions\/855"}],"wp:attachment":[{"href":"https:\/\/graomestreleandrodacosta.com.br\/index.php?rest_route=%2Fwp%2Fv2%2Fmedia&parent=17"}],"curies":[{"name":"wp","href":"https:\/\/api.w.org\/{rel}","templated":true}]}}