{"id":6,"date":"2017-02-01T13:13:46","date_gmt":"2017-02-01T13:13:46","guid":{"rendered":"http:\/\/themes.muffingroup.com\/betheme\/?page_id=2"},"modified":"2023-05-26T14:16:57","modified_gmt":"2023-05-26T17:16:57","slug":"home","status":"publish","type":"page","link":"https:\/\/graomestreleandrodacosta.com.br\/","title":{"rendered":"HOME"},"content":{"rendered":"<div id='layer_slider_1'  class='avia-layerslider main_color avia-shadow  avia-builder-el-0  el_before_av_one_full  avia-builder-el-first  container_wrap fullsize'  style='height: 721px; max-width: 1280px; margin: 0 auto;'  ><\/div><div id='after_layer_slider_1'  class='main_color av_default_container_wrap container_wrap fullsize'  ><div class='container av-section-cont-open' ><div class='template-page content  av-content-full alpha units'><div class='post-entry post-entry-type-page post-entry-6'><div class='entry-content-wrapper clearfix'>\n<div class='flex_column av-731a-a171cd72ed7332d4ca45f19422b3489b av_one_full  avia-builder-el-1  el_after_av_layerslider  el_before_av_one_full  avia-builder-el-first  first flex_column_div '     ><section  class='av_textblock_section av-len9uu1g-39f630ea116be95363d4e7b9fb14839f'  itemscope=\"itemscope\" itemtype=\"https:\/\/schema.org\/CreativeWork\" ><div class='avia_textblock'  itemprop=\"text\" ><div class=\"elementToProof\">\n<h3 style=\"text-align: center;\">Destacamos o certificado de homenagem que a associa\u00e7\u00e3o garra de tigre de artes marciais de pelotas presidida pelo gr\u00e3o mestre leandro da costa recebeu do conselho regional de educa\u00e7\u00e3o f\u00edsica no ano de 2019 como uma das academias destaque do rio grande do sul. Veja o certificado e as fotos. Apresentamos o diploma do gr\u00e3o mestre leandro da costa como uma das maiores autoridades das artes marciais mundial em especial o kickboxing e o karat\u00ea.<\/h3>\n<\/div>\n<\/div><\/section><\/div>\n<div class='flex_column av-5mya-60c7ec2a1b03a9daf177c816679fa9d0 av_one_full  avia-builder-el-3  el_after_av_one_full  el_before_av_hr  first flex_column_div column-top-margin'     ><style type=\"text\/css\" data-created_by=\"avia_inline_auto\" id=\"style-css-av-lenaosf7-c8b03660ced252b1e046f14c89bcba45\">\n#top .avia-gallery.av-lenaosf7-c8b03660ced252b1e046f14c89bcba45 .avia-gallery-thumb a{\nwidth:20%;\n}\n<\/style>\n<div  class='avia-gallery av-lenaosf7-c8b03660ced252b1e046f14c89bcba45 avia_animate_when_visible  avia-builder-el-4  avia-builder-el-no-sibling  avia_lazyload avia-gallery-animate avia-gallery-1'  itemprop=\"image\" itemscope=\"itemscope\" itemtype=\"https:\/\/schema.org\/ImageObject\" ><meta itemprop=\"contentURL\" content=\"https:\/\/graomestreleandrodacosta.com.br\/\"><div class='avia-gallery-thumb'><a href=\"https:\/\/graomestreleandrodacosta.com.br\/wp-content\/uploads\/2023\/02\/Design-sem-nome-2-1030x717.png\" data-srcset=\"https:\/\/graomestreleandrodacosta.com.br\/wp-content\/uploads\/2023\/02\/Design-sem-nome-2-1030x717.png 1030w, https:\/\/graomestreleandrodacosta.com.br\/wp-content\/uploads\/2023\/02\/Design-sem-nome-2-300x209.png 300w, https:\/\/graomestreleandrodacosta.com.br\/wp-content\/uploads\/2023\/02\/Design-sem-nome-2-768x535.png 768w, https:\/\/graomestreleandrodacosta.com.br\/wp-content\/uploads\/2023\/02\/Design-sem-nome-2-1500x1044.png 1500w, https:\/\/graomestreleandrodacosta.com.br\/wp-content\/uploads\/2023\/02\/Design-sem-nome-2-705x491.png 705w, https:\/\/graomestreleandrodacosta.com.br\/wp-content\/uploads\/2023\/02\/Design-sem-nome-2.png 1536w\" data-sizes=\"(max-width: 1030px) 100vw, 1030px\" data-rel='gallery-1' data-prev-img='https:\/\/graomestreleandrodacosta.com.br\/wp-content\/uploads\/2023\/02\/Design-sem-nome-2-495x400.png' class='first_thumb lightbox ' data-onclick='1' title='Design sem nome (2)'  itemprop=\"thumbnailUrl\"  ><img decoding=\"async\" class=\"wp-image-389 avia-img-lazy-loading-not-389\"   src=\"https:\/\/graomestreleandrodacosta.com.br\/wp-content\/uploads\/2023\/02\/Design-sem-nome-2-495x400.png\" width=\"495\" height=\"400\"  title='Design sem nome (2)' alt='' srcset=\"https:\/\/graomestreleandrodacosta.com.br\/wp-content\/uploads\/2023\/02\/Design-sem-nome-2-495x400.png 495w, https:\/\/graomestreleandrodacosta.com.br\/wp-content\/uploads\/2023\/02\/Design-sem-nome-2-845x684.png 845w\" sizes=\"(max-width: 495px) 100vw, 495px\" \/><div class='big-prev-fake'><img decoding=\"async\" class=\"wp-image-389 avia-img-lazy-loading-389\"  width=\"495\" height=\"400\" src=\"https:\/\/graomestreleandrodacosta.com.br\/wp-content\/uploads\/2023\/02\/Design-sem-nome-2-495x400.png\" title='Design sem nome (2)' alt='' srcset=\"https:\/\/graomestreleandrodacosta.com.br\/wp-content\/uploads\/2023\/02\/Design-sem-nome-2-495x400.png 495w, https:\/\/graomestreleandrodacosta.com.br\/wp-content\/uploads\/2023\/02\/Design-sem-nome-2-845x684.png 845w\" sizes=\"(max-width: 495px) 100vw, 495px\" \/><\/div><\/a><a href=\"https:\/\/graomestreleandrodacosta.com.br\/wp-content\/uploads\/2023\/02\/Design-sem-nome-729x1030.png\" data-srcset=\"https:\/\/graomestreleandrodacosta.com.br\/wp-content\/uploads\/2023\/02\/Design-sem-nome-729x1030.png 729w, https:\/\/graomestreleandrodacosta.com.br\/wp-content\/uploads\/2023\/02\/Design-sem-nome-212x300.png 212w, https:\/\/graomestreleandrodacosta.com.br\/wp-content\/uploads\/2023\/02\/Design-sem-nome-768x1085.png 768w, https:\/\/graomestreleandrodacosta.com.br\/wp-content\/uploads\/2023\/02\/Design-sem-nome-1087x1536.png 1087w, https:\/\/graomestreleandrodacosta.com.br\/wp-content\/uploads\/2023\/02\/Design-sem-nome-1061x1500.png 1061w, https:\/\/graomestreleandrodacosta.com.br\/wp-content\/uploads\/2023\/02\/Design-sem-nome-499x705.png 499w, https:\/\/graomestreleandrodacosta.com.br\/wp-content\/uploads\/2023\/02\/Design-sem-nome.png 1449w\" data-sizes=\"(max-width: 729px) 100vw, 729px\" data-rel='gallery-1' data-prev-img='https:\/\/graomestreleandrodacosta.com.br\/wp-content\/uploads\/2023\/02\/Design-sem-nome-495x400.png' class='lightbox ' data-onclick='2' title='Design sem nome'  itemprop=\"thumbnailUrl\"  ><img decoding=\"async\" class=\"wp-image-388 avia-img-lazy-loading-not-388\"   src=\"https:\/\/graomestreleandrodacosta.com.br\/wp-content\/uploads\/2023\/02\/Design-sem-nome-495x400.png\" width=\"495\" height=\"400\"  title='Design sem nome' alt='' srcset=\"https:\/\/graomestreleandrodacosta.com.br\/wp-content\/uploads\/2023\/02\/Design-sem-nome-495x400.png 495w, https:\/\/graomestreleandrodacosta.com.br\/wp-content\/uploads\/2023\/02\/Design-sem-nome-845x684.png 845w\" sizes=\"(max-width: 495px) 100vw, 495px\" \/><div class='big-prev-fake'><img decoding=\"async\" class=\"wp-image-388 avia-img-lazy-loading-388\"  width=\"495\" height=\"400\" src=\"https:\/\/graomestreleandrodacosta.com.br\/wp-content\/uploads\/2023\/02\/Design-sem-nome-495x400.png\" title='Design sem nome' alt='' srcset=\"https:\/\/graomestreleandrodacosta.com.br\/wp-content\/uploads\/2023\/02\/Design-sem-nome-495x400.png 495w, https:\/\/graomestreleandrodacosta.com.br\/wp-content\/uploads\/2023\/02\/Design-sem-nome-845x684.png 845w\" sizes=\"(max-width: 495px) 100vw, 495px\" \/><\/div><\/a><a href=\"https:\/\/graomestreleandrodacosta.com.br\/wp-content\/uploads\/2023\/02\/thumbnail_DSCN2764-1030x773.jpg\" data-srcset=\"https:\/\/graomestreleandrodacosta.com.br\/wp-content\/uploads\/2023\/02\/thumbnail_DSCN2764-1030x773.jpg 1030w, https:\/\/graomestreleandrodacosta.com.br\/wp-content\/uploads\/2023\/02\/thumbnail_DSCN2764-300x225.jpg 300w, https:\/\/graomestreleandrodacosta.com.br\/wp-content\/uploads\/2023\/02\/thumbnail_DSCN2764-768x576.jpg 768w, https:\/\/graomestreleandrodacosta.com.br\/wp-content\/uploads\/2023\/02\/thumbnail_DSCN2764-705x529.jpg 705w, https:\/\/graomestreleandrodacosta.com.br\/wp-content\/uploads\/2023\/02\/thumbnail_DSCN2764.jpg 1280w\" data-sizes=\"(max-width: 1030px) 100vw, 1030px\" data-rel='gallery-1' data-prev-img='https:\/\/graomestreleandrodacosta.com.br\/wp-content\/uploads\/2023\/02\/thumbnail_DSCN2764-495x400.jpg' class='lightbox ' data-onclick='3' title='thumbnail_DSCN2764'  itemprop=\"thumbnailUrl\"  ><img decoding=\"async\" class=\"wp-image-387 avia-img-lazy-loading-not-387\"   src=\"https:\/\/graomestreleandrodacosta.com.br\/wp-content\/uploads\/2023\/02\/thumbnail_DSCN2764-495x400.jpg\" width=\"495\" height=\"400\"  title='thumbnail_DSCN2764' alt='' srcset=\"https:\/\/graomestreleandrodacosta.com.br\/wp-content\/uploads\/2023\/02\/thumbnail_DSCN2764-495x400.jpg 495w, https:\/\/graomestreleandrodacosta.com.br\/wp-content\/uploads\/2023\/02\/thumbnail_DSCN2764-845x684.jpg 845w\" sizes=\"(max-width: 495px) 100vw, 495px\" \/><div class='big-prev-fake'><img decoding=\"async\" class=\"wp-image-387 avia-img-lazy-loading-387\"  width=\"495\" height=\"400\" src=\"https:\/\/graomestreleandrodacosta.com.br\/wp-content\/uploads\/2023\/02\/thumbnail_DSCN2764-495x400.jpg\" title='thumbnail_DSCN2764' alt='' srcset=\"https:\/\/graomestreleandrodacosta.com.br\/wp-content\/uploads\/2023\/02\/thumbnail_DSCN2764-495x400.jpg 495w, https:\/\/graomestreleandrodacosta.com.br\/wp-content\/uploads\/2023\/02\/thumbnail_DSCN2764-845x684.jpg 845w\" sizes=\"(max-width: 495px) 100vw, 495px\" \/><\/div><\/a><a href=\"https:\/\/graomestreleandrodacosta.com.br\/wp-content\/uploads\/2023\/02\/thumbnail_20190831TROFEUDESTAQUE0197-1030x579.jpg\" data-srcset=\"https:\/\/graomestreleandrodacosta.com.br\/wp-content\/uploads\/2023\/02\/thumbnail_20190831TROFEUDESTAQUE0197-1030x579.jpg 1030w, https:\/\/graomestreleandrodacosta.com.br\/wp-content\/uploads\/2023\/02\/thumbnail_20190831TROFEUDESTAQUE0197-300x169.jpg 300w, https:\/\/graomestreleandrodacosta.com.br\/wp-content\/uploads\/2023\/02\/thumbnail_20190831TROFEUDESTAQUE0197-768x432.jpg 768w, https:\/\/graomestreleandrodacosta.com.br\/wp-content\/uploads\/2023\/02\/thumbnail_20190831TROFEUDESTAQUE0197-705x397.jpg 705w, https:\/\/graomestreleandrodacosta.com.br\/wp-content\/uploads\/2023\/02\/thumbnail_20190831TROFEUDESTAQUE0197.jpg 1280w\" data-sizes=\"(max-width: 1030px) 100vw, 1030px\" data-rel='gallery-1' data-prev-img='https:\/\/graomestreleandrodacosta.com.br\/wp-content\/uploads\/2023\/02\/thumbnail_20190831TROFEUDESTAQUE0197-495x400.jpg' class='lightbox ' data-onclick='4' title='thumbnail_20190831TROF\u00c9UDESTAQUE0197'  itemprop=\"thumbnailUrl\"  ><img decoding=\"async\" class=\"wp-image-386 avia-img-lazy-loading-not-386\"   src=\"https:\/\/graomestreleandrodacosta.com.br\/wp-content\/uploads\/2023\/02\/thumbnail_20190831TROFEUDESTAQUE0197-495x400.jpg\" width=\"495\" height=\"400\"  title='thumbnail_20190831TROF\u00c9UDESTAQUE0197' alt='' srcset=\"https:\/\/graomestreleandrodacosta.com.br\/wp-content\/uploads\/2023\/02\/thumbnail_20190831TROFEUDESTAQUE0197-495x400.jpg 495w, https:\/\/graomestreleandrodacosta.com.br\/wp-content\/uploads\/2023\/02\/thumbnail_20190831TROFEUDESTAQUE0197-845x684.jpg 845w\" sizes=\"(max-width: 495px) 100vw, 495px\" \/><div class='big-prev-fake'><img decoding=\"async\" class=\"wp-image-386 avia-img-lazy-loading-386\"  width=\"495\" height=\"400\" src=\"https:\/\/graomestreleandrodacosta.com.br\/wp-content\/uploads\/2023\/02\/thumbnail_20190831TROFEUDESTAQUE0197-495x400.jpg\" title='thumbnail_20190831TROF\u00c9UDESTAQUE0197' alt='' srcset=\"https:\/\/graomestreleandrodacosta.com.br\/wp-content\/uploads\/2023\/02\/thumbnail_20190831TROFEUDESTAQUE0197-495x400.jpg 495w, https:\/\/graomestreleandrodacosta.com.br\/wp-content\/uploads\/2023\/02\/thumbnail_20190831TROFEUDESTAQUE0197-845x684.jpg 845w\" sizes=\"(max-width: 495px) 100vw, 495px\" \/><\/div><\/a><a href=\"https:\/\/graomestreleandrodacosta.com.br\/wp-content\/uploads\/2023\/02\/thumbnail_20190831TROFEUDESTAQUE0157-1030x686.jpg\" data-srcset=\"https:\/\/graomestreleandrodacosta.com.br\/wp-content\/uploads\/2023\/02\/thumbnail_20190831TROFEUDESTAQUE0157-1030x686.jpg 1030w, https:\/\/graomestreleandrodacosta.com.br\/wp-content\/uploads\/2023\/02\/thumbnail_20190831TROFEUDESTAQUE0157-300x200.jpg 300w, https:\/\/graomestreleandrodacosta.com.br\/wp-content\/uploads\/2023\/02\/thumbnail_20190831TROFEUDESTAQUE0157-768x512.jpg 768w, https:\/\/graomestreleandrodacosta.com.br\/wp-content\/uploads\/2023\/02\/thumbnail_20190831TROFEUDESTAQUE0157-705x470.jpg 705w, https:\/\/graomestreleandrodacosta.com.br\/wp-content\/uploads\/2023\/02\/thumbnail_20190831TROFEUDESTAQUE0157.jpg 1280w\" data-sizes=\"(max-width: 1030px) 100vw, 1030px\" data-rel='gallery-1' data-prev-img='https:\/\/graomestreleandrodacosta.com.br\/wp-content\/uploads\/2023\/02\/thumbnail_20190831TROFEUDESTAQUE0157-495x400.jpg' class='lightbox ' data-onclick='5' title='thumbnail_20190831TROF\u00c9UDESTAQUE0157'  itemprop=\"thumbnailUrl\"  ><img decoding=\"async\" class=\"wp-image-385 avia-img-lazy-loading-not-385\"   src=\"https:\/\/graomestreleandrodacosta.com.br\/wp-content\/uploads\/2023\/02\/thumbnail_20190831TROFEUDESTAQUE0157-495x400.jpg\" width=\"495\" height=\"400\"  title='thumbnail_20190831TROF\u00c9UDESTAQUE0157' alt='' srcset=\"https:\/\/graomestreleandrodacosta.com.br\/wp-content\/uploads\/2023\/02\/thumbnail_20190831TROFEUDESTAQUE0157-495x400.jpg 495w, https:\/\/graomestreleandrodacosta.com.br\/wp-content\/uploads\/2023\/02\/thumbnail_20190831TROFEUDESTAQUE0157-845x684.jpg 845w\" sizes=\"(max-width: 495px) 100vw, 495px\" \/><div class='big-prev-fake'><img decoding=\"async\" class=\"wp-image-385 avia-img-lazy-loading-385\"  width=\"495\" height=\"400\" src=\"https:\/\/graomestreleandrodacosta.com.br\/wp-content\/uploads\/2023\/02\/thumbnail_20190831TROFEUDESTAQUE0157-495x400.jpg\" title='thumbnail_20190831TROF\u00c9UDESTAQUE0157' alt='' srcset=\"https:\/\/graomestreleandrodacosta.com.br\/wp-content\/uploads\/2023\/02\/thumbnail_20190831TROFEUDESTAQUE0157-495x400.jpg 495w, https:\/\/graomestreleandrodacosta.com.br\/wp-content\/uploads\/2023\/02\/thumbnail_20190831TROFEUDESTAQUE0157-845x684.jpg 845w\" sizes=\"(max-width: 495px) 100vw, 495px\" \/><\/div><\/a><\/div><\/div><\/div>\n<div  class='hr av-427i-888368e8a7359b18d40a47fec5e97fff hr-default  avia-builder-el-5  el_after_av_one_full  el_before_av_icon_box '><span class='hr-inner '><span class=\"hr-inner-style\"><\/span><\/span><\/div>\n\n<style type=\"text\/css\" data-created_by=\"avia_inline_auto\" id=\"style-css-av-lenc1a3g-9a50047ed5c268a8b7a7abfefb3376cf\">\n.iconbox.av-lenc1a3g-9a50047ed5c268a8b7a7abfefb3376cf .iconbox_icon{\nbackground-color:#b02b2c;\n}\n<\/style>\n<article  class='iconbox iconbox_top av-lenc1a3g-9a50047ed5c268a8b7a7abfefb3376cf  avia-builder-el-6  el_after_av_hr  avia-builder-el-last  main_color'  itemscope=\"itemscope\" itemtype=\"https:\/\/schema.org\/CreativeWork\" ><div class=\"iconbox_content\"><header class=\"entry-content-header\"><div class=\"iconbox_icon heading-color\" aria-hidden='true' data-av_icon='\uf16a' data-av_iconfont='entypo-fontello'><\/div><h3 class='iconbox_content_title '  itemprop=\"headline\" >YOUTUBE<\/h3><\/header><div class='iconbox_content_container '  itemprop=\"text\" ><h2><a href=\"https:\/\/www.youtube.com\/@academiagarradetigre-pelot8531\/videos\" target=\"_blank\" rel=\"noopener\">ACESSE NOSSO CANAL NO YOUTUBE<\/a><\/h2>\n<\/div><\/div><footer class=\"entry-footer\"><\/footer><\/article>\n","protected":false},"excerpt":{"rendered":"","protected":false},"author":1,"featured_media":0,"parent":0,"menu_order":0,"comment_status":"closed","ping_status":"open","template":"","meta":[],"_links":{"self":[{"href":"https:\/\/graomestreleandrodacosta.com.br\/index.php?rest_route=\/wp\/v2\/pages\/6"}],"collection":[{"href":"https:\/\/graomestreleandrodacosta.com.br\/index.php?rest_route=\/wp\/v2\/pages"}],"about":[{"href":"https:\/\/graomestreleandrodacosta.com.br\/index.php?rest_route=\/wp\/v2\/types\/page"}],"author":[{"embeddable":true,"href":"https:\/\/graomestreleandrodacosta.com.br\/index.php?rest_route=\/wp\/v2\/users\/1"}],"replies":[{"embeddable":true,"href":"https:\/\/graomestreleandrodacosta.com.br\/index.php?rest_route=%2Fwp%2Fv2%2Fcomments&post=6"}],"version-history":[{"count":2,"href":"https:\/\/graomestreleandrodacosta.com.br\/index.php?rest_route=\/wp\/v2\/pages\/6\/revisions"}],"predecessor-version":[{"id":851,"href":"https:\/\/graomestreleandrodacosta.com.br\/index.php?rest_route=\/wp\/v2\/pages\/6\/revisions\/851"}],"wp:attachment":[{"href":"https:\/\/graomestreleandrodacosta.com.br\/index.php?rest_route=%2Fwp%2Fv2%2Fmedia&parent=6"}],"curies":[{"name":"wp","href":"https:\/\/api.w.org\/{rel}","templated":true}]}}